{"id":7421,"date":"2020-11-25T19:03:50","date_gmt":"2020-11-25T18:03:50","guid":{"rendered":"https:\/\/webshop.overseasab.com\/butik\/?post_type=product&#038;p=7421"},"modified":"2022-12-13T17:53:23","modified_gmt":"2022-12-13T16:53:23","slug":"glutious-rice-6-organic-1-kg-pkt-x-18-pkt-per-ctn","status":"publish","type":"product","link":"https:\/\/webshop.overseasab.com\/butik\/product\/glutious-rice-6-organic-1-kg-pkt-x-18-pkt-per-ctn\/","title":{"rendered":"GLUTIOUS RICE 6  ORGANIC  1 kg\/pkt  x 18 Pkt per CTN"},"content":{"rendered":"<p><img fetchpriority=\"high\" decoding=\"async\" class=\"alignnone size-medium wp-image-7422\" src=\"http:\/\/media.overseasab.com\/2020\/11\/127631947_407027753816252_6578541886997096468_n-225x300.jpg\" alt=\"\" width=\"225\" height=\"300\" srcset=\"http:\/\/media.overseasab.com\/2020\/11\/127631947_407027753816252_6578541886997096468_n-225x300.jpg 225w, http:\/\/media.overseasab.com\/2020\/11\/127631947_407027753816252_6578541886997096468_n-768x1024.jpg 768w, http:\/\/media.overseasab.com\/2020\/11\/127631947_407027753816252_6578541886997096468_n-9x12.jpg 9w, http:\/\/media.overseasab.com\/2020\/11\/127631947_407027753816252_6578541886997096468_n-600x800.jpg 600w, http:\/\/media.overseasab.com\/2020\/11\/127631947_407027753816252_6578541886997096468_n-840x1120.jpg 840w, http:\/\/media.overseasab.com\/2020\/11\/127631947_407027753816252_6578541886997096468_n-420x560.jpg 420w, http:\/\/media.overseasab.com\/2020\/11\/127631947_407027753816252_6578541886997096468_n.jpg 1080w\" sizes=\"(max-width: 225px) 100vw, 225px\" \/><\/p>\n","protected":false},"excerpt":{"rendered":"<p><span class=\"tojvnm2t a6sixzi8 abs2jz4q a8s20v7p t1p8iaqh k5wvi7nf q3lfd5jv pk4s997a bipmatt0 cebpdrjk qowsmv63 owwhemhu dp1hu0rb dhp61c6y iyyx5f41\">Glutinous rice is commonly called \u201cSticky rice\u201d. Being known and consumed in Thailand from ancient time, sticky rice continue their path of developments.<\/span><\/p>\n<p><span class=\"tojvnm2t a6sixzi8 abs2jz4q a8s20v7p t1p8iaqh k5wvi7nf q3lfd5jv pk4s997a bipmatt0 cebpdrjk qowsmv63 owwhemhu dp1hu0rb dhp61c6y iyyx5f41\"> Rice of Lover is prouded to introduce \u201cKor Khor 6\u201d. <\/span><\/p>\n<p><span class=\"tojvnm2t a6sixzi8 abs2jz4q a8s20v7p t1p8iaqh k5wvi7nf q3lfd5jv pk4s997a bipmatt0 cebpdrjk qowsmv63 owwhemhu dp1hu0rb dhp61c6y iyyx5f41\">This is a kind of Glutinous rice research and developed by the Agricultural Ministry of Thailand promoted to the rice industry under the support of Thai Government. <\/span><\/p>\n<p><span class=\"tojvnm2t a6sixzi8 abs2jz4q a8s20v7p t1p8iaqh k5wvi7nf q3lfd5jv pk4s997a bipmatt0 cebpdrjk qowsmv63 owwhemhu dp1hu0rb dhp61c6y iyyx5f41\">The ideal property of this kind of rice is that they will be soft and firmly stick together from the excess starch release during the steaming process. <\/span><\/p>\n<p><span class=\"tojvnm2t a6sixzi8 abs2jz4q a8s20v7p t1p8iaqh k5wvi7nf q3lfd5jv pk4s997a bipmatt0 cebpdrjk qowsmv63 owwhemhu dp1hu0rb dhp61c6y iyyx5f41\">Research have found that Sticky rice helps decrease inflammation and improved heart health, and also increase bone density.<\/span><\/p>\n<p><span class=\"tojvnm2t a6sixzi8 abs2jz4q a8s20v7p t1p8iaqh k5wvi7nf q3lfd5jv pk4s997a bipmatt0 cebpdrjk qowsmv63 owwhemhu dp1hu0rb dhp61c6y iyyx5f41\"> For Thai people who works hard in the rice field, they prefer sticky rice because it gives longer energy. However, the most common of sticky rice is the good taste and touch blending well with the most Thai dishes.<\/span><\/p>\n<p>&nbsp;<\/p>\n<p><span class=\"tojvnm2t a6sixzi8 abs2jz4q a8s20v7p t1p8iaqh k5wvi7nf q3lfd5jv pk4s997a bipmatt0 cebpdrjk qowsmv63 owwhemhu dp1hu0rb dhp61c6y iyyx5f41\"> How to cook Glutinous Rice 6<\/span><\/p>\n<p><span class=\"tojvnm2t a6sixzi8 abs2jz4q a8s20v7p t1p8iaqh k5wvi7nf q3lfd5jv pk4s997a bipmatt0 cebpdrjk qowsmv63 owwhemhu dp1hu0rb dhp61c6y iyyx5f41\"> (Hur man lagar Klibbigt Ris 6) (\u0e02\u0e49\u0e32\u0e27\u0e40\u0e2b\u0e19\u0e35\u0e22\u0e27\u200b \u0e01\u0e02\u200b 6) <\/span><\/p>\n<p>&nbsp;<\/p>\n<p><span class=\"tojvnm2t a6sixzi8 abs2jz4q a8s20v7p t1p8iaqh k5wvi7nf q3lfd5jv pk4s997a bipmatt0 cebpdrjk qowsmv63 owwhemhu dp1hu0rb dhp61c6y iyyx5f41\">1. Completely soak glutinous rice in water for 2 to 10 hours. Depending on the age of rice <\/span><\/p>\n<p><span class=\"tojvnm2t a6sixzi8 abs2jz4q a8s20v7p t1p8iaqh k5wvi7nf q3lfd5jv pk4s997a bipmatt0 cebpdrjk qowsmv63 owwhemhu dp1hu0rb dhp61c6y iyyx5f41\"><span class=\"pq6dq46d tbxw36s4 knj5qynh kvgmc6g5 ditlmg2l oygrvhab nvdbi5me sf5mxxl7 gl3lb2sf hhz5lgdu\"><img decoding=\"async\" src=\"https:\/\/static.xx.fbcdn.net\/images\/emoji.php\/v9\/tb4\/1\/16\/1f1f8_1f1ea.png\" alt=\"\ud83c\uddf8\ud83c\uddea\" width=\"16\" height=\"16\" \/><\/span>1. L\u00e4gg riset i vatten i 2 till 10 timmar, beroende p\u00e5 hur gammalt det \u00e4r. <\/span><\/p>\n<p><span class=\"tojvnm2t a6sixzi8 abs2jz4q a8s20v7p t1p8iaqh k5wvi7nf q3lfd5jv pk4s997a bipmatt0 cebpdrjk qowsmv63 owwhemhu dp1hu0rb dhp61c6y iyyx5f41\">2. Add water to steam pot and bring to boil <span class=\"pq6dq46d tbxw36s4 knj5qynh kvgmc6g5 ditlmg2l oygrvhab nvdbi5me sf5mxxl7 gl3lb2sf hhz5lgdu\"><img decoding=\"async\" src=\"https:\/\/static.xx.fbcdn.net\/images\/emoji.php\/v9\/tb4\/1\/16\/1f1f8_1f1ea.png\" alt=\"\ud83c\uddf8\ud83c\uddea\" width=\"16\" height=\"16\" \/><\/span>2. Koka upp vatten i \u00e5ngpannan. <\/span><\/p>\n<p><span class=\"tojvnm2t a6sixzi8 abs2jz4q a8s20v7p t1p8iaqh k5wvi7nf q3lfd5jv pk4s997a bipmatt0 cebpdrjk qowsmv63 owwhemhu dp1hu0rb dhp61c6y iyyx5f41\">3. Drain off excess water from rice after soaking and put rice into Huat. Or equivalent containet<\/span><\/p>\n<p><span class=\"tojvnm2t a6sixzi8 abs2jz4q a8s20v7p t1p8iaqh k5wvi7nf q3lfd5jv pk4s997a bipmatt0 cebpdrjk qowsmv63 owwhemhu dp1hu0rb dhp61c6y iyyx5f41\"> <span class=\"pq6dq46d tbxw36s4 knj5qynh kvgmc6g5 ditlmg2l oygrvhab nvdbi5me sf5mxxl7 gl3lb2sf hhz5lgdu\"><img decoding=\"async\" src=\"https:\/\/static.xx.fbcdn.net\/images\/emoji.php\/v9\/tb4\/1\/16\/1f1f8_1f1ea.png\" alt=\"\ud83c\uddf8\ud83c\uddea\" width=\"16\" height=\"16\" \/><\/span>3. H\u00e4ll bort \u00f6verfl\u00f6digt vatten fr\u00e5n riset. L\u00e4gg sen riset i Huat(bambukorg). <\/span><\/p>\n<p>&nbsp;<\/p>\n<p><span class=\"tojvnm2t a6sixzi8 abs2jz4q a8s20v7p t1p8iaqh k5wvi7nf q3lfd5jv pk4s997a bipmatt0 cebpdrjk qowsmv63 owwhemhu dp1hu0rb dhp61c6y iyyx5f41\">4. Place container Huat over steam pot and cover with lid. Cook rice with steam over medium fire for 30 min to 45 min. Place rice in appropriate container and serve<\/span><\/p>\n<p><span class=\"tojvnm2t a6sixzi8 abs2jz4q a8s20v7p t1p8iaqh k5wvi7nf q3lfd5jv pk4s997a bipmatt0 cebpdrjk qowsmv63 owwhemhu dp1hu0rb dhp61c6y iyyx5f41\"> <span class=\"pq6dq46d tbxw36s4 knj5qynh kvgmc6g5 ditlmg2l oygrvhab nvdbi5me sf5mxxl7 gl3lb2sf hhz5lgdu\"><img decoding=\"async\" src=\"https:\/\/static.xx.fbcdn.net\/images\/emoji.php\/v9\/tb4\/1\/16\/1f1f8_1f1ea.png\" alt=\"\ud83c\uddf8\ud83c\uddea\" width=\"16\" height=\"16\" \/><\/span>4. L\u00e4gg Huat \u00f6ver det kokande vattnet och t\u00e4ck med ett lock. Koka riset med \u00e5nga i 30 till 45 minuster. L\u00e4gg riset i en l\u00e4mplig sk\u00e5l och servera det. <\/span><\/p>\n<p><span class=\"tojvnm2t a6sixzi8 abs2jz4q a8s20v7p t1p8iaqh k5wvi7nf q3lfd5jv pk4s997a bipmatt0 cebpdrjk qowsmv63 owwhemhu dp1hu0rb dhp61c6y iyyx5f41\">\u00a0<\/span><\/p>\n<p><span class=\"tojvnm2t a6sixzi8 abs2jz4q a8s20v7p t1p8iaqh k5wvi7nf q3lfd5jv pk4s997a bipmatt0 cebpdrjk qowsmv63 owwhemhu dp1hu0rb dhp61c6y iyyx5f41\">RICE OF LOVE THAI KLIBBIGT RIS (EN) (Thai glutinous rice )<br \/>\n<\/span><\/p>\n<p>&nbsp;<\/p>\n<p><span class=\"tojvnm2t a6sixzi8 abs2jz4q a8s20v7p t1p8iaqh k5wvi7nf q3lfd5jv pk4s997a bipmatt0 cebpdrjk qowsmv63 owwhemhu dp1hu0rb dhp61c6y iyyx5f41\"> INGREDIENTS: GLUTINOUS RICE (SV) INGREDIENSER : KLIBBIGT RIS ________<i>___________________________<\/i><\/span><\/p>\n<p><span class=\"tojvnm2t a6sixzi8 abs2jz4q a8s20v7p t1p8iaqh k5wvi7nf q3lfd5jv pk4s997a bipmatt0 cebpdrjk qowsmv63 owwhemhu dp1hu0rb dhp61c6y iyyx5f41\">ON FATS PER 100G \/ N\u00c4RINGSV\u00c4RDE PER 100G<\/span><\/p>\n<p><span class=\"tojvnm2t a6sixzi8 abs2jz4q a8s20v7p t1p8iaqh k5wvi7nf q3lfd5jv pk4s997a bipmatt0 cebpdrjk qowsmv63 owwhemhu dp1hu0rb dhp61c6y iyyx5f41\"> ENERGY \/ ENERGI. 351 KCAL<\/span><\/p>\n<p><span class=\"tojvnm2t a6sixzi8 abs2jz4q a8s20v7p t1p8iaqh k5wvi7nf q3lfd5jv pk4s997a bipmatt0 cebpdrjk qowsmv63 owwhemhu dp1hu0rb dhp61c6y iyyx5f41\"> FAT \/ FETT. &lt;0.5 G &#8211;<\/span><\/p>\n<p><span class=\"tojvnm2t a6sixzi8 abs2jz4q a8s20v7p t1p8iaqh k5wvi7nf q3lfd5jv pk4s997a bipmatt0 cebpdrjk qowsmv63 owwhemhu dp1hu0rb dhp61c6y iyyx5f41\"> SATURATES \/ VARAV M\u00c4TTAT. 0.2 G <\/span><\/p>\n<p><span class=\"tojvnm2t a6sixzi8 abs2jz4q a8s20v7p t1p8iaqh k5wvi7nf q3lfd5jv pk4s997a bipmatt0 cebpdrjk qowsmv63 owwhemhu dp1hu0rb dhp61c6y iyyx5f41\">CARBOHYDRATE. \/ KOLHYDRAT. 79 G <\/span><\/p>\n<p><span class=\"tojvnm2t a6sixzi8 abs2jz4q a8s20v7p t1p8iaqh k5wvi7nf q3lfd5jv pk4s997a bipmatt0 cebpdrjk qowsmv63 owwhemhu dp1hu0rb dhp61c6y iyyx5f41\">&#8211; SUGAR \/ VARAV SOCKERARTER. 0 G <\/span><\/p>\n<p><span class=\"tojvnm2t a6sixzi8 abs2jz4q a8s20v7p t1p8iaqh k5wvi7nf q3lfd5jv pk4s997a bipmatt0 cebpdrjk qowsmv63 owwhemhu dp1hu0rb dhp61c6y iyyx5f41\">PROTEIN \/ PROTEIN 6.8 G <\/span><\/p>\n<p><span class=\"tojvnm2t a6sixzi8 abs2jz4q a8s20v7p t1p8iaqh k5wvi7nf q3lfd5jv pk4s997a bipmatt0 cebpdrjk qowsmv63 owwhemhu dp1hu0rb dhp61c6y iyyx5f41\">SODIUM \/ NATRIUM. 0 G <\/span>&hellip; <a class=\"kt-excerpt-readmore more-link\" href=\"https:\/\/webshop.overseasab.com\/butik\/product\/glutious-rice-6-organic-1-kg-pkt-x-18-pkt-per-ctn\/\">Read More<\/a><\/p>\n","protected":false},"featured_media":7441,"comment_status":"open","ping_status":"closed","template":"","meta":[],"class_list":["post-7421","product","type-product","status-publish","has-post-thumbnail","hentry","product_cat-gaba-rice","product_cat-rice-of-love","product_cat-thai-glutinous-rice-6---6","product_tag-ekologisk","product_tag-glutinous-rice","product_tag-organic","product_tag-sticky-rice","product_tag-77","product_tag---6"],"_links":{"self":[{"href":"https:\/\/webshop.overseasab.com\/butik\/wp-json\/wp\/v2\/product\/7421","targetHints":{"allow":["GET"]}}],"collection":[{"href":"https:\/\/webshop.overseasab.com\/butik\/wp-json\/wp\/v2\/product"}],"about":[{"href":"https:\/\/webshop.overseasab.com\/butik\/wp-json\/wp\/v2\/types\/product"}],"replies":[{"embeddable":true,"href":"https:\/\/webshop.overseasab.com\/butik\/wp-json\/wp\/v2\/comments?post=7421"}],"wp:featuredmedia":[{"embeddable":true,"href":"https:\/\/webshop.overseasab.com\/butik\/wp-json\/wp\/v2\/media\/7441"}],"wp:attachment":[{"href":"https:\/\/webshop.overseasab.com\/butik\/wp-json\/wp\/v2\/media?parent=7421"}],"curies":[{"name":"wp","href":"https:\/\/api.w.org\/{rel}","templated":true}]}}