{"id":7351,"date":"2020-08-10T18:03:16","date_gmt":"2020-08-10T16:03:16","guid":{"rendered":"https:\/\/webshop.overseasab.com\/butik\/?page_id=7351"},"modified":"2020-08-27T07:45:09","modified_gmt":"2020-08-27T05:45:09","slug":"kopvillkor","status":"publish","type":"page","link":"https:\/\/webshop.overseasab.com\/butik\/kopvillkor\/","title":{"rendered":"K\u00f6pvillkor"},"content":{"rendered":"\t\t<div data-elementor-type=\"wp-page\" data-elementor-id=\"7351\" class=\"elementor elementor-7351\">\n\t\t\t\t\t\t<section class=\"elementor-section elementor-top-section elementor-element elementor-element-d2137ac elementor-section-boxed elementor-section-height-default elementor-section-height-default\" data-id=\"d2137ac\" data-element_type=\"section\" data-e-type=\"section\">\n\t\t\t\t\t\t<div class=\"elementor-container elementor-column-gap-default\">\n\t\t\t\t\t<div class=\"elementor-column elementor-col-100 elementor-top-column elementor-element elementor-element-4f8dd6a\" data-id=\"4f8dd6a\" data-element_type=\"column\" data-e-type=\"column\">\n\t\t\t<div class=\"elementor-widget-wrap elementor-element-populated\">\n\t\t\t\t\t\t<div class=\"elementor-element elementor-element-e4420cf elementor-widget elementor-widget-spacer\" data-id=\"e4420cf\" data-element_type=\"widget\" data-e-type=\"widget\" data-widget_type=\"spacer.default\">\n\t\t\t\t<div class=\"elementor-widget-container\">\n\t\t\t\t\t\t\t<div class=\"elementor-spacer\">\n\t\t\t<div class=\"elementor-spacer-inner\"><\/div>\n\t\t<\/div>\n\t\t\t\t\t\t<\/div>\n\t\t\t\t<\/div>\n\t\t\t\t<div class=\"elementor-element elementor-element-141d3e5 elementor-widget elementor-widget-text-editor\" data-id=\"141d3e5\" data-element_type=\"widget\" data-e-type=\"widget\" data-widget_type=\"text-editor.default\">\n\t\t\t\t<div class=\"elementor-widget-container\">\n\t\t\t\t\t\t\t\t\t<h3>PRISER OCH BETALNING<\/h3><p>Varje vara anges med pris exklusive moms. I kundvagnen kan man se det totala priset inklusive alla avgifter, moms, frakt och betalning. Betalningsvillkor finns angiven i kundvagnen beroende av valt betalningss\u00e4tt.<\/p><p>Fraktvillkor finns angiven i kundvagnen beroende av valt frakts\u00e4tt.<\/p><h3>\u00c5NGERR\u00c4TT<\/h3><p>Din \u00e5ngerr\u00e4tt (\u00e5ngerfristen) g\u00e4ller under 14 dagar. I ditt meddelande till oss m\u00e5ste det klart framg\u00e5 att du \u00e5ngrar dig. \u00c5ngerfristen b\u00f6rjar l\u00f6pa den dag du tog emot varan eller en v\u00e4sentlig del av den. Om avtalet g\u00e4ller en specialtillverkad vara \u2013 eller en vara som f\u00e5tt en tydlig personlig pr\u00e4gel, b\u00f6rjar \u00e5ngerfristen l\u00f6pa den dag vi l\u00e4mnat information.<\/p><p><span style=\"color: #000000;\"><strong>Du har inte \u00e5ngerr\u00e4tt om:<\/strong><\/span><\/p><p>Tj\u00e4nsten p\u00e5b\u00f6rjats under \u00e5ngerfristen med ditt samtycke, priset \u00e4r beroende av finansmarknadens sv\u00e4ngningar, till exempel en aktie, varan p\u00e5 grund av sin beskaffenhet inte kan \u00e5terl\u00e4mnas, f\u00f6rseglingen brutits p\u00e5 ljud- eller bildupptagningar eller datorprogram. Med f\u00f6rsegling avses \u00e4ven teknisk plombering.<\/p><p><span style=\"color: #000000;\"><strong>N\u00e4r du utnyttjat din \u00e5ngerr\u00e4tt:<\/strong><\/span><\/p><p>Du \u00e4r skyldig att h\u00e5lla varan i lika gott skick som n\u00e4r du fick den. Du f\u00e5r inte anv\u00e4nda den, men naturligtvis f\u00f6rsiktigt unders\u00f6ka den. Om varan skadas eller kommer bort p\u00e5 grund av att du \u00e4r v\u00e5rdsl\u00f6s f\u00f6rlorar du \u00e5ngerr\u00e4tten.<\/p><h3>GARANTIER OCH SERVICE<\/h3><p>Fyll text om vilka garantier och vilken service du ger kunden.<\/p><h3>PRIVAT POLICY<\/h3><p>&#8221;N\u00e4r du l\u00e4gger din best\u00e4llning hos oss uppger du dina person\/. I samband med din registrering och best\u00e4llning godk\u00e4nner du att vi lagrar och anv\u00e4nder dina uppgifter i v\u00e5r verksamhet f\u00f6r att fullf\u00f6lja avtalet gentemot dig. Du har enligt Personuppgiftslagen r\u00e4tt att f\u00e5 den information som vi har registrerat om dig. Om den \u00e4r felaktig, ofullst\u00e4ndig eller irrelevant kan du beg\u00e4ra att informationen ska r\u00e4ttas eller tas bort. Kontakta oss i s\u00e5 fall via e-post.&#8221;<\/p><h3>COOKIES<\/h3><p>Denna webbutik anv\u00e4nder sig av cookies enligt Electronic Communications Act, 25 juli 2003. En cookie \u00e4r en liten textfil som lagras p\u00e5 din dator och som inneh\u00e5ller information f\u00f6r att hj\u00e4lpa webbutiken att identifiera och f\u00f6lja anv\u00e4ndare. Cookies finns som sessionscookies och som cookies som lagras permanent p\u00e5 din dator. Under tiden f\u00f6r ditt f\u00f6rsta bes\u00f6k i webbutiken blir din webbl\u00e4sare tilldelad en sessionscookie som \u00e4r unik och som anv\u00e4nds f\u00f6r att inte blanda ihop dig som anv\u00e4ndare med andra anv\u00e4ndare. F\u00f6r att kunna anv\u00e4nda webbutiken b\u00f6r du till\u00e5ta cookies i din webbl\u00e4sare. Denna typ av cookie anv\u00e4nds enbart f\u00f6r att ge dig som bes\u00f6kare en b\u00e4ttre upplevelse och support och lagrar inga personlig uppgifter om dig. Cookies kan raderas. I denna webbutik anv\u00e4nds cookies exempelvis f\u00f6r att h\u00e5lla koll p\u00e5 din kundvagn, dina inst\u00e4llningar och vilka sidor du bes\u00f6kt f\u00f6r att kunna ge dig en b\u00e4ttre kundupplevelse och support.<\/p><h3>LEVERANSER<\/h3><p>Leveranstiden anges i kundvagnen under respektive frakts\u00e4tt. Om en vara har avvikande leveranstid st\u00e5r det angivet vid respektive vara. Ej uth\u00e4mtade paket<\/p><p>Ej h\u00e4mtade varor returneras till oss. F\u00f6r alla paket som inte l\u00f6ses ut f\u00f6rbeh\u00e5ller vi oss r\u00e4tten att debitera dig kostnader f\u00f6r returfrakt, expeditionsavgift och hanteringsavgift, f\u00f6r n\u00e4rvarande 150:-<\/p><h3>RETURER<\/h3><p>Returer sker p\u00e5 din egen bekostnad utom om varan \u00e4r defekt eller om vi har packat fel. Returer ska skickas som brev eller paket, inte mot postf\u00f6rskott. Vid byten betalar vi den nya frakten fr\u00e5n oss till dig.<\/p><p>N\u00e4r du utnyttjat din \u00e5ngerr\u00e4tt ska du,<\/p><p>om det g\u00e4ller en vara: s\u00e4nda eller l\u00e4mna tillbaka den till oss<\/p><p>om det g\u00e4ller en tj\u00e4nst: h\u00e5lla materialet tillg\u00e4ngligt f\u00f6r oss, om det inte medf\u00f6r besv\u00e4r f\u00f6r dig.<\/p><p><span style=\"color: #000000;\"><strong>\u00c5terbetalningsskyldighet:<\/strong><\/span><\/p><p>Vi ska, om du utnyttjat din \u00e5ngerr\u00e4tt, betala tillbaka vad du har betalat f\u00f6r varan snarast eller senast inom 30 dagar fr\u00e5n den dag d\u00e5 vi tog emot varan eller, om det \u00e4r en tj\u00e4nst, meddelandet om att du \u00e5ngrat dig. Du f\u00e5r sj\u00e4lv betala returkostnaderna n\u00e4r du s\u00e4nder tillbaka varan. Vi betalar alltid returkostnaden f\u00f6r att s\u00e4nda tillbaka s\u00e5 kallade ers\u00e4ttningsvaror.<\/p><p>Se \u00e4ven konsumentverket och distansavtalslagen, samt EU:s gemensamma tvistl\u00f6sningssida\u00a0<a href=\"http:\/\/ec.europa.eu\/odr\" target=\"_blank\" rel=\"noopener\">http:\/\/ec.europa.eu\/odr<\/a>.<\/p>\t\t\t\t\t\t\t\t<\/div>\n\t\t\t\t<\/div>\n\t\t\t\t<div class=\"elementor-element elementor-element-905ecbb elementor-widget elementor-widget-spacer\" data-id=\"905ecbb\" data-element_type=\"widget\" data-e-type=\"widget\" data-widget_type=\"spacer.default\">\n\t\t\t\t<div class=\"elementor-widget-container\">\n\t\t\t\t\t\t\t<div class=\"elementor-spacer\">\n\t\t\t<div class=\"elementor-spacer-inner\"><\/div>\n\t\t<\/div>\n\t\t\t\t\t\t<\/div>\n\t\t\t\t<\/div>\n\t\t\t\t\t<\/div>\n\t\t<\/div>\n\t\t\t\t\t<\/div>\n\t\t<\/section>\n\t\t\t\t<\/div>\n\t\t","protected":false},"excerpt":{"rendered":"<p>PRISER OCH BETALNING Varje vara anges med pris exklusive moms. I kundvagnen kan man se det totala priset inklusive alla avgifter, moms, frakt och betalning. Betalningsvillkor finns angiven i kundvagnen beroende av valt betalningss\u00e4tt. Fraktvillkor finns angiven i kundvagnen beroende &hellip; <a class=\"kt-excerpt-readmore more-link\" href=\"https:\/\/webshop.overseasab.com\/butik\/kopvillkor\/\">Read More<\/a><\/p>\n","protected":false},"author":6,"featured_media":0,"parent":0,"menu_order":0,"comment_status":"closed","ping_status":"closed","template":"","meta":{"footnotes":""},"class_list":["post-7351","page","type-page","status-publish","hentry"],"_links":{"self":[{"href":"https:\/\/webshop.overseasab.com\/butik\/wp-json\/wp\/v2\/pages\/7351","targetHints":{"allow":["GET"]}}],"collection":[{"href":"https:\/\/webshop.overseasab.com\/butik\/wp-json\/wp\/v2\/pages"}],"about":[{"href":"https:\/\/webshop.overseasab.com\/butik\/wp-json\/wp\/v2\/types\/page"}],"author":[{"embeddable":true,"href":"https:\/\/webshop.overseasab.com\/butik\/wp-json\/wp\/v2\/users\/6"}],"replies":[{"embeddable":true,"href":"https:\/\/webshop.overseasab.com\/butik\/wp-json\/wp\/v2\/comments?post=7351"}],"version-history":[{"count":4,"href":"https:\/\/webshop.overseasab.com\/butik\/wp-json\/wp\/v2\/pages\/7351\/revisions"}],"predecessor-version":[{"id":7413,"href":"https:\/\/webshop.overseasab.com\/butik\/wp-json\/wp\/v2\/pages\/7351\/revisions\/7413"}],"wp:attachment":[{"href":"https:\/\/webshop.overseasab.com\/butik\/wp-json\/wp\/v2\/media?parent=7351"}],"curies":[{"name":"wp","href":"https:\/\/api.w.org\/{rel}","templated":true}]}}