{"id":7339,"date":"2020-08-10T16:53:46","date_gmt":"2020-08-10T14:53:46","guid":{"rendered":"https:\/\/webshop.overseasab.com\/butik\/?page_id=7339"},"modified":"2020-08-14T11:34:38","modified_gmt":"2020-08-14T09:34:38","slug":"om-oss","status":"publish","type":"page","link":"https:\/\/webshop.overseasab.com\/butik\/om-oss\/","title":{"rendered":"Om oss"},"content":{"rendered":"\t\t<div data-elementor-type=\"wp-page\" data-elementor-id=\"7339\" class=\"elementor elementor-7339\">\n\t\t\t\t\t\t<section class=\"elementor-section elementor-top-section elementor-element elementor-element-5ef93787 elementor-section-boxed elementor-section-height-default elementor-section-height-default\" data-id=\"5ef93787\" data-element_type=\"section\" data-e-type=\"section\">\n\t\t\t\t\t\t<div class=\"elementor-container elementor-column-gap-default\">\n\t\t\t\t\t<div class=\"elementor-column elementor-col-100 elementor-top-column elementor-element elementor-element-7b23b7e5\" data-id=\"7b23b7e5\" data-element_type=\"column\" data-e-type=\"column\">\n\t\t\t<div class=\"elementor-widget-wrap\">\n\t\t\t\t\t\t\t<\/div>\n\t\t<\/div>\n\t\t\t\t\t<\/div>\n\t\t<\/section>\n\t\t\t\t<section class=\"elementor-section elementor-top-section elementor-element elementor-element-180a3fdb elementor-section-content-middle elementor-section-boxed elementor-section-height-default elementor-section-height-default\" data-id=\"180a3fdb\" data-element_type=\"section\" data-e-type=\"section\">\n\t\t\t\t\t\t<div class=\"elementor-container elementor-column-gap-default\">\n\t\t\t\t\t<div class=\"elementor-column elementor-col-50 elementor-top-column elementor-element elementor-element-6465fc89\" data-id=\"6465fc89\" data-element_type=\"column\" data-e-type=\"column\">\n\t\t\t<div class=\"elementor-widget-wrap elementor-element-populated\">\n\t\t\t\t\t\t<div class=\"elementor-element elementor-element-2c7cd810 elementor-widget elementor-widget-image\" data-id=\"2c7cd810\" data-element_type=\"widget\" data-e-type=\"widget\" data-widget_type=\"image.default\">\n\t\t\t\t<div class=\"elementor-widget-container\">\n\t\t\t\t\t\t\t\t\t\t\t\t\t\t\t<img fetchpriority=\"high\" decoding=\"async\" width=\"500\" height=\"500\" src=\"https:\/\/media.overseasab.com\/2020\/03\/\u0e42\u0e25\u0e42\u0e01\u0e49__\u0e1e\u0e37\u0e49\u0e19\u0e02\u0e32\u0e27_-removebg-preview-1.png\" class=\"attachment-large size-large wp-image-4860\" alt=\"\" srcset=\"http:\/\/media.overseasab.com\/2020\/03\/\u0e42\u0e25\u0e42\u0e01\u0e49__\u0e1e\u0e37\u0e49\u0e19\u0e02\u0e32\u0e27_-removebg-preview-1.png 500w, http:\/\/media.overseasab.com\/2020\/03\/\u0e42\u0e25\u0e42\u0e01\u0e49__\u0e1e\u0e37\u0e49\u0e19\u0e02\u0e32\u0e27_-removebg-preview-1-300x300.png 300w, http:\/\/media.overseasab.com\/2020\/03\/\u0e42\u0e25\u0e42\u0e01\u0e49__\u0e1e\u0e37\u0e49\u0e19\u0e02\u0e32\u0e27_-removebg-preview-1-150x150.png 150w, http:\/\/media.overseasab.com\/2020\/03\/\u0e42\u0e25\u0e42\u0e01\u0e49__\u0e1e\u0e37\u0e49\u0e19\u0e02\u0e32\u0e27_-removebg-preview-1-100x100.png 100w\" sizes=\"(max-width: 500px) 100vw, 500px\" \/>\t\t\t\t\t\t\t\t\t\t\t\t\t\t\t<\/div>\n\t\t\t\t<\/div>\n\t\t\t\t\t<\/div>\n\t\t<\/div>\n\t\t\t\t<div class=\"elementor-column elementor-col-50 elementor-top-column elementor-element elementor-element-473ffee0\" data-id=\"473ffee0\" data-element_type=\"column\" data-e-type=\"column\">\n\t\t\t<div class=\"elementor-widget-wrap elementor-element-populated\">\n\t\t\t\t\t\t<div class=\"elementor-element elementor-element-6c855521 elementor-widget elementor-widget-text-editor\" data-id=\"6c855521\" data-element_type=\"widget\" data-e-type=\"widget\" data-widget_type=\"text-editor.default\">\n\t\t\t\t<div class=\"elementor-widget-container\">\n\t\t\t\t\t\t\t\t\t<p>Hos Oss k\u00f6per du storpack av t ex Ris, Bamboskott, Inlagg frukt, Salad Dressing, Spanm\u00e5l, Snabbkaffe m.m till bra pris.<\/p><p>Du slipper all import och export hantering<\/p><p>N\u00e4r du v\u00e4ljer oss, S\u00e5 hj\u00e4lper du ocks\u00e5 familjer att kunna forts\u00e4tta med sitt jordbruk utan att beh\u00f6va sprittras. Dessutom kan de odla mer ekologiskt.<\/p><p>Mitt namn \u00e4r Darak (NHOI) , Jag \u00e4r Grundaren och \u00c4garen av\u00a0OVERSEASAB 789\u00a0AB<\/p><p>Klicka p\u00e5 knappen och b\u00f6rja handla!\u00a0<a href=\"https:\/\/webshop.overseasab.com\/butik\/butik-2\/\">https:\/\/webshop.overseasab.com\/butik\/butik-2\/<\/a><\/p>\t\t\t\t\t\t\t\t<\/div>\n\t\t\t\t<\/div>\n\t\t\t\t\t<\/div>\n\t\t<\/div>\n\t\t\t\t\t<\/div>\n\t\t<\/section>\n\t\t\t\t<section class=\"elementor-section elementor-top-section elementor-element elementor-element-d660e81 elementor-section-boxed elementor-section-height-default elementor-section-height-default\" data-id=\"d660e81\" data-element_type=\"section\" data-e-type=\"section\">\n\t\t\t\t\t\t<div class=\"elementor-container elementor-column-gap-default\">\n\t\t\t\t\t<div class=\"elementor-column elementor-col-100 elementor-top-column elementor-element elementor-element-1f3c6630\" data-id=\"1f3c6630\" data-element_type=\"column\" data-e-type=\"column\">\n\t\t\t<div class=\"elementor-widget-wrap elementor-element-populated\">\n\t\t\t\t\t\t<div class=\"elementor-element elementor-element-618319a6 elementor-widget-divider--view-line elementor-widget elementor-widget-divider\" data-id=\"618319a6\" data-element_type=\"widget\" data-e-type=\"widget\" data-widget_type=\"divider.default\">\n\t\t\t\t<div class=\"elementor-widget-container\">\n\t\t\t\t\t\t\t<div class=\"elementor-divider\">\n\t\t\t<span class=\"elementor-divider-separator\">\n\t\t\t\t\t\t<\/span>\n\t\t<\/div>\n\t\t\t\t\t\t<\/div>\n\t\t\t\t<\/div>\n\t\t\t\t\t<\/div>\n\t\t<\/div>\n\t\t\t\t\t<\/div>\n\t\t<\/section>\n\t\t\t\t<section class=\"elementor-section elementor-top-section elementor-element elementor-element-36f1b2d5 elementor-section-content-bottom elementor-section-boxed elementor-section-height-default elementor-section-height-default\" data-id=\"36f1b2d5\" data-element_type=\"section\" data-e-type=\"section\">\n\t\t\t\t\t\t<div class=\"elementor-container elementor-column-gap-default\">\n\t\t\t\t\t<div class=\"elementor-column elementor-col-50 elementor-top-column elementor-element elementor-element-31dfc587\" data-id=\"31dfc587\" data-element_type=\"column\" data-e-type=\"column\">\n\t\t\t<div class=\"elementor-widget-wrap elementor-element-populated\">\n\t\t\t\t\t\t<div class=\"elementor-element elementor-element-2dc4fca0 elementor-widget elementor-widget-text-editor\" data-id=\"2dc4fca0\" data-element_type=\"widget\" data-e-type=\"widget\" data-widget_type=\"text-editor.default\">\n\t\t\t\t<div class=\"elementor-widget-container\">\n\t\t\t\t\t\t\t\t\t<h1>Customs<\/h1><h2 class=\"highlight\">Complicated declarations? New items? New legislation?<\/h2><p>Planning for customs handling is as important as the planning for transportation in international trade. Skilled staff, good relations with the customs authorities and well established customs procedures ensures a quick dispatch and correct handling.<\/p><p><span style=\"color: #000000;\"><b>EXIMGROW customs brokerage offers<\/b><\/span><\/p><ul><li><b><\/b>Legal valuation of merchandise<\/li><li>Duty &amp; tax assessment\u00a0<\/li><li>Classification of goods\u00a0<\/li><li>Maintenance of record\u00a0<\/li><li>Temporary import procedures\u00a0<\/li><li>Permanent import\/export procedures\u00a0<\/li><li>Consultancy services<\/li><li>Transit and bonded goods handling<\/li><\/ul>\t\t\t\t\t\t\t\t<\/div>\n\t\t\t\t<\/div>\n\t\t\t\t\t<\/div>\n\t\t<\/div>\n\t\t\t\t<div class=\"elementor-column elementor-col-50 elementor-top-column elementor-element elementor-element-7389844e\" data-id=\"7389844e\" data-element_type=\"column\" data-e-type=\"column\">\n\t\t\t<div class=\"elementor-widget-wrap elementor-element-populated\">\n\t\t\t\t\t\t<div class=\"elementor-element elementor-element-58f477a4 elementor-widget elementor-widget-image\" data-id=\"58f477a4\" data-element_type=\"widget\" data-e-type=\"widget\" data-widget_type=\"image.default\">\n\t\t\t\t<div class=\"elementor-widget-container\">\n\t\t\t\t\t\t\t\t\t\t\t\t\t\t\t<img decoding=\"async\" width=\"626\" height=\"480\" src=\"https:\/\/media.overseasab.com\/2020\/08\/crate-boxes-wooded-pallet-cardboard-box-factory-warehouse-storage_32511-55.jpg\" class=\"attachment-large size-large wp-image-7312\" alt=\"\" srcset=\"http:\/\/media.overseasab.com\/2020\/08\/crate-boxes-wooded-pallet-cardboard-box-factory-warehouse-storage_32511-55.jpg 626w, http:\/\/media.overseasab.com\/2020\/08\/crate-boxes-wooded-pallet-cardboard-box-factory-warehouse-storage_32511-55-300x230.jpg 300w, http:\/\/media.overseasab.com\/2020\/08\/crate-boxes-wooded-pallet-cardboard-box-factory-warehouse-storage_32511-55-600x460.jpg 600w\" sizes=\"(max-width: 626px) 100vw, 626px\" \/>\t\t\t\t\t\t\t\t\t\t\t\t\t\t\t<\/div>\n\t\t\t\t<\/div>\n\t\t\t\t\t<\/div>\n\t\t<\/div>\n\t\t\t\t\t<\/div>\n\t\t<\/section>\n\t\t\t\t<section class=\"elementor-section elementor-top-section elementor-element elementor-element-7cf4dc65 elementor-section-boxed elementor-section-height-default elementor-section-height-default\" data-id=\"7cf4dc65\" data-element_type=\"section\" data-e-type=\"section\">\n\t\t\t\t\t\t<div class=\"elementor-container elementor-column-gap-default\">\n\t\t\t\t\t<div class=\"elementor-column elementor-col-100 elementor-top-column elementor-element elementor-element-475a783\" data-id=\"475a783\" data-element_type=\"column\" data-e-type=\"column\">\n\t\t\t<div class=\"elementor-widget-wrap elementor-element-populated\">\n\t\t\t\t\t\t<div class=\"elementor-element elementor-element-76d140bb elementor-widget elementor-widget-spacer\" data-id=\"76d140bb\" data-element_type=\"widget\" data-e-type=\"widget\" data-widget_type=\"spacer.default\">\n\t\t\t\t<div class=\"elementor-widget-container\">\n\t\t\t\t\t\t\t<div class=\"elementor-spacer\">\n\t\t\t<div class=\"elementor-spacer-inner\"><\/div>\n\t\t<\/div>\n\t\t\t\t\t\t<\/div>\n\t\t\t\t<\/div>\n\t\t\t\t\t<\/div>\n\t\t<\/div>\n\t\t\t\t\t<\/div>\n\t\t<\/section>\n\t\t\t\t<\/div>\n\t\t","protected":false},"excerpt":{"rendered":"<p>Hos Oss k\u00f6per du storpack av t ex Ris, Bamboskott, Inlagg frukt, Salad Dressing, Spanm\u00e5l, Snabbkaffe m.m till bra pris. Du slipper all import och export hantering N\u00e4r du v\u00e4ljer oss, S\u00e5 hj\u00e4lper du ocks\u00e5 familjer att kunna forts\u00e4tta med &hellip; <a class=\"kt-excerpt-readmore more-link\" href=\"https:\/\/webshop.overseasab.com\/butik\/om-oss\/\">Read More<\/a><\/p>\n","protected":false},"author":6,"featured_media":0,"parent":0,"menu_order":0,"comment_status":"closed","ping_status":"closed","template":"","meta":{"footnotes":""},"class_list":["post-7339","page","type-page","status-publish","hentry"],"_links":{"self":[{"href":"https:\/\/webshop.overseasab.com\/butik\/wp-json\/wp\/v2\/pages\/7339","targetHints":{"allow":["GET"]}}],"collection":[{"href":"https:\/\/webshop.overseasab.com\/butik\/wp-json\/wp\/v2\/pages"}],"about":[{"href":"https:\/\/webshop.overseasab.com\/butik\/wp-json\/wp\/v2\/types\/page"}],"author":[{"embeddable":true,"href":"https:\/\/webshop.overseasab.com\/butik\/wp-json\/wp\/v2\/users\/6"}],"replies":[{"embeddable":true,"href":"https:\/\/webshop.overseasab.com\/butik\/wp-json\/wp\/v2\/comments?post=7339"}],"version-history":[{"count":4,"href":"https:\/\/webshop.overseasab.com\/butik\/wp-json\/wp\/v2\/pages\/7339\/revisions"}],"predecessor-version":[{"id":7375,"href":"https:\/\/webshop.overseasab.com\/butik\/wp-json\/wp\/v2\/pages\/7339\/revisions\/7375"}],"wp:attachment":[{"href":"https:\/\/webshop.overseasab.com\/butik\/wp-json\/wp\/v2\/media?parent=7339"}],"curies":[{"name":"wp","href":"https:\/\/api.w.org\/{rel}","templated":true}]}}